{"id":120,"date":"2019-07-26T03:25:22","date_gmt":"2019-07-26T03:25:22","guid":{"rendered":"http:\/\/localhost\/industris\/?page_id=120"},"modified":"2023-09-26T11:03:27","modified_gmt":"2023-09-26T08:03:27","slug":"iletisim","status":"publish","type":"page","link":"https:\/\/www.propak.com.tr\/en\/contact-us\/","title":{"rendered":"Contact Us"},"content":{"rendered":"<div data-elementor-type=\"wp-post\" data-elementor-id=\"120\" class=\"elementor elementor-120\" data-elementor-settings=\"[]\">\n\t\t\t<div class=\"elementor-inner\">\n\t\t\t\t<div class=\"elementor-section-wrap\">\n\t\t\t\t\t\t\t<section class=\"elementor-element elementor-element-0567546 elementor-section-boxed elementor-section-height-default elementor-section-height-default elementor-section elementor-top-section\" data-id=\"0567546\" data-element_type=\"section\">\n\t\t\t\t\t\t<div class=\"elementor-container elementor-column-gap-default\">\n\t\t\t\t<div class=\"elementor-row\">\n\t\t\t\t<div class=\"elementor-element elementor-element-934bc2e elementor-column elementor-col-100 elementor-top-column\" data-id=\"934bc2e\" data-element_type=\"column\">\n\t\t\t<div class=\"elementor-column-wrap  elementor-element-populated\">\n\t\t\t\t\t<div class=\"elementor-widget-wrap\">\n\t\t\t\t<div class=\"elementor-element elementor-element-cf4066b elementor-widget elementor-widget-spacer\" data-id=\"cf4066b\" data-element_type=\"widget\" data-widget_type=\"spacer.default\">\n\t\t\t\t<div class=\"elementor-widget-container\">\n\t\t\t\t\t<div class=\"elementor-spacer\">\n\t\t\t<div class=\"elementor-spacer-inner\"><\/div>\n\t\t<\/div>\n\t\t\t\t<\/div>\n\t\t\t\t<\/div>\n\t\t\t\t\t\t<\/div>\n\t\t\t<\/div>\n\t\t<\/div>\n\t\t\t\t\t\t<\/div>\n\t\t\t<\/div>\n\t\t<\/section>\n\t\t\t\t<section class=\"elementor-element elementor-element-53d4aba elementor-section-boxed elementor-section-height-default elementor-section-height-default elementor-section elementor-top-section\" data-id=\"53d4aba\" data-element_type=\"section\">\n\t\t\t\t\t\t<div class=\"elementor-container elementor-column-gap-default\">\n\t\t\t\t<div class=\"elementor-row\">\n\t\t\t\t<div class=\"elementor-element elementor-element-aabd064 elementor-column elementor-col-100 elementor-top-column\" data-id=\"aabd064\" data-element_type=\"column\">\n\t\t\t<div class=\"elementor-column-wrap  elementor-element-populated\">\n\t\t\t\t\t<div class=\"elementor-widget-wrap\">\n\t\t\t\t<div class=\"elementor-element elementor-element-5965c32 elementor-widget elementor-widget-google_maps\" data-id=\"5965c32\" data-element_type=\"widget\" data-widget_type=\"google_maps.default\">\n\t\t\t\t<div class=\"elementor-widget-container\">\n\t\t\t<div class=\"elementor-custom-embed\"><iframe frameborder=\"0\" scrolling=\"no\" marginheight=\"0\" marginwidth=\"0\" src=\"https:\/\/maps.google.com\/maps?q=Partner%20Plaza%20Yeni%C5%9Fehir%20Mah.%20%C3%96zg%C3%BCr%20Sokak%20No%3A17%20Kat%3A3-4%20TR-34779%20Ata%C5%9Fehir%20-%20%C4%B0stanbul%2C%20Turkey&amp;t=m&amp;z=10&amp;output=embed&amp;iwloc=near\" aria-label=\"Partner Plaza Yeni\u015fehir Mah. \u00d6zg\u00fcr Sokak No:17 Kat:3-4 TR-34779 Ata\u015fehir - \u0130stanbul, Turkey\"><\/iframe><\/div>\t\t<\/div>\n\t\t\t\t<\/div>\n\t\t\t\t<div class=\"elementor-element elementor-element-055e0ff elementor-widget elementor-widget-spacer\" data-id=\"055e0ff\" data-element_type=\"widget\" data-widget_type=\"spacer.default\">\n\t\t\t\t<div class=\"elementor-widget-container\">\n\t\t\t\t\t<div class=\"elementor-spacer\">\n\t\t\t<div class=\"elementor-spacer-inner\"><\/div>\n\t\t<\/div>\n\t\t\t\t<\/div>\n\t\t\t\t<\/div>\n\t\t\t\t\t\t<\/div>\n\t\t\t<\/div>\n\t\t<\/div>\n\t\t\t\t\t\t<\/div>\n\t\t\t<\/div>\n\t\t<\/section>\n\t\t\t\t<section class=\"elementor-element elementor-element-b50a18c elementor-section-boxed elementor-section-height-default elementor-section-height-default elementor-section elementor-top-section\" data-id=\"b50a18c\" data-element_type=\"section\">\n\t\t\t\t\t\t<div class=\"elementor-container elementor-column-gap-default\">\n\t\t\t\t<div class=\"elementor-row\">\n\t\t\t\t<div class=\"elementor-element elementor-element-7478271 elementor-column elementor-col-33 elementor-top-column\" data-id=\"7478271\" data-element_type=\"column\">\n\t\t\t<div class=\"elementor-column-wrap  elementor-element-populated\">\n\t\t\t\t\t<div class=\"elementor-widget-wrap\">\n\t\t\t\t<div class=\"elementor-element elementor-element-be01c7c elementor-widget elementor-widget-text-editor\" data-id=\"be01c7c\" data-element_type=\"widget\" data-widget_type=\"text-editor.default\">\n\t\t\t\t<div class=\"elementor-widget-container\">\n\t\t\t\t\t<div class=\"elementor-text-editor elementor-clearfix\"><h5><strong>Head Office<\/strong> <img id=\"map1\" style=\"margin-left: 10px; cursor: pointer;\" src=\"\/wp-content\/uploads\/2020\/10\/map.jpg\" \/><\/h5><p>Partner Plaza Yeni\u015fehir Mah.<br \/>\u00d6zg\u00fcr Sokak No:17 Kat:3-4<br \/>TR-34779 Ata\u015fehir &#8211; \u0130stanbul, Turkey<\/p><p><strong>Tel: +90 216 548 24 00 [5 Lines]<br \/>Fax: +90 216 456 32 51<\/strong><\/p><\/div>\n\t\t\t\t<\/div>\n\t\t\t\t<\/div>\n\t\t\t\t\t\t<\/div>\n\t\t\t<\/div>\n\t\t<\/div>\n\t\t\t\t<div class=\"elementor-element elementor-element-60ec3f4 elementor-column elementor-col-33 elementor-top-column\" data-id=\"60ec3f4\" data-element_type=\"column\">\n\t\t\t<div class=\"elementor-column-wrap  elementor-element-populated\">\n\t\t\t\t\t<div class=\"elementor-widget-wrap\">\n\t\t\t\t<div class=\"elementor-element elementor-element-a5b27f6 elementor-widget elementor-widget-text-editor\" data-id=\"a5b27f6\" data-element_type=\"widget\" data-widget_type=\"text-editor.default\">\n\t\t\t\t<div class=\"elementor-widget-container\">\n\t\t\t\t\t<div class=\"elementor-text-editor elementor-clearfix\"><h5><strong>Factory<\/strong> <img id=\"map2\" style=\"margin-left: 10px; cursor: pointer;\" src=\"\/wp-content\/uploads\/2020\/10\/map.jpg\" \/><\/h5><p>Yaka K\u00f6y Yolalti Mevki,<br \/>Konuralp<br \/>TR-81000 D\u00fczce, Turkey<\/p><p><strong>Tel: +90 380 541 20 37-38<br \/>Tel: +90 380 541 24 38-39<br \/>Tel: +90 380 541 42 75-76<br \/>Fax: +90 380 541 20 39<\/strong><\/p><\/div>\n\t\t\t\t<\/div>\n\t\t\t\t<\/div>\n\t\t\t\t\t\t<\/div>\n\t\t\t<\/div>\n\t\t<\/div>\n\t\t\t\t<div class=\"elementor-element elementor-element-4be27eb elementor-column elementor-col-33 elementor-top-column\" data-id=\"4be27eb\" data-element_type=\"column\">\n\t\t\t<div class=\"elementor-column-wrap  elementor-element-populated\">\n\t\t\t\t\t<div class=\"elementor-widget-wrap\">\n\t\t\t\t<div class=\"elementor-element elementor-element-24f6e87 elementor-widget elementor-widget-text-editor\" data-id=\"24f6e87\" data-element_type=\"widget\" data-widget_type=\"text-editor.default\">\n\t\t\t\t<div class=\"elementor-widget-container\">\n\t\t\t\t\t<div class=\"elementor-text-editor elementor-clearfix\"><h5><strong>Izmir Office<\/strong> <img id=\"map3\" style=\"margin-left: 10px; cursor: pointer;\" src=\"\/wp-content\/uploads\/2020\/10\/map.jpg\" \/><\/h5><p>Aksoy Plaza 1476 Sokak,<br \/>No: 2 K. 14 D. 48 ,<br \/>TR- 35220 Alsancak &#8211; Izmir, Turkey<\/p><p><strong>Tel: +90 232 422 41 61<br \/>Tel: +90 232 422 41 03<br \/>Tel: +90 232 422 41 12<br \/>Fax: +90 232 422 41 48<\/strong><\/p><\/div>\n\t\t\t\t<\/div>\n\t\t\t\t<\/div>\n\t\t\t\t\t\t<\/div>\n\t\t\t<\/div>\n\t\t<\/div>\n\t\t\t\t\t\t<\/div>\n\t\t\t<\/div>\n\t\t<\/section>\n\t\t\t\t<section class=\"elementor-element elementor-element-c8ad2f7 elementor-section-boxed elementor-section-height-default elementor-section-height-default elementor-section elementor-top-section\" data-id=\"c8ad2f7\" data-element_type=\"section\">\n\t\t\t\t\t\t<div class=\"elementor-container elementor-column-gap-default\">\n\t\t\t\t<div class=\"elementor-row\">\n\t\t\t\t<div class=\"elementor-element elementor-element-0faf085 elementor-column elementor-col-33 elementor-top-column\" data-id=\"0faf085\" data-element_type=\"column\">\n\t\t\t<div class=\"elementor-column-wrap  elementor-element-populated\">\n\t\t\t\t\t<div class=\"elementor-widget-wrap\">\n\t\t\t\t<div class=\"elementor-element elementor-element-b227f93 elementor-widget elementor-widget-image\" data-id=\"b227f93\" data-element_type=\"widget\" data-widget_type=\"image.default\">\n\t\t\t\t<div class=\"elementor-widget-container\">\n\t\t\t\t\t<div class=\"elementor-image\">\n\t\t\t\t\t\t\t\t\t\t<img width=\"154\" height=\"176\" src=\"https:\/\/www.propak.com.tr\/wp-content\/uploads\/2020\/12\/genel.png\" class=\"attachment-large size-large\" alt=\"\" loading=\"lazy\" \/>\t\t\t\t\t\t\t\t\t\t\t<\/div>\n\t\t\t\t<\/div>\n\t\t\t\t<\/div>\n\t\t\t\t\t\t<\/div>\n\t\t\t<\/div>\n\t\t<\/div>\n\t\t\t\t<div class=\"elementor-element elementor-element-c3cb480 elementor-column elementor-col-33 elementor-top-column\" data-id=\"c3cb480\" data-element_type=\"column\">\n\t\t\t<div class=\"elementor-column-wrap  elementor-element-populated\">\n\t\t\t\t\t<div class=\"elementor-widget-wrap\">\n\t\t\t\t<div class=\"elementor-element elementor-element-7177332 elementor-widget elementor-widget-image\" data-id=\"7177332\" data-element_type=\"widget\" data-widget_type=\"image.default\">\n\t\t\t\t<div class=\"elementor-widget-container\">\n\t\t\t\t\t<div class=\"elementor-image\">\n\t\t\t\t\t\t\t\t\t\t<img width=\"154\" height=\"176\" src=\"https:\/\/www.propak.com.tr\/wp-content\/uploads\/2020\/12\/fabrika.png\" class=\"attachment-large size-large\" alt=\"\" loading=\"lazy\" \/>\t\t\t\t\t\t\t\t\t\t\t<\/div>\n\t\t\t\t<\/div>\n\t\t\t\t<\/div>\n\t\t\t\t\t\t<\/div>\n\t\t\t<\/div>\n\t\t<\/div>\n\t\t\t\t<div class=\"elementor-element elementor-element-efaae44 elementor-column elementor-col-33 elementor-top-column\" data-id=\"efaae44\" data-element_type=\"column\">\n\t\t\t<div class=\"elementor-column-wrap  elementor-element-populated\">\n\t\t\t\t\t<div class=\"elementor-widget-wrap\">\n\t\t\t\t<div class=\"elementor-element elementor-element-1f05d7d elementor-widget elementor-widget-image\" data-id=\"1f05d7d\" data-element_type=\"widget\" data-widget_type=\"image.default\">\n\t\t\t\t<div class=\"elementor-widget-container\">\n\t\t\t\t\t<div class=\"elementor-image\">\n\t\t\t\t\t\t\t\t\t\t<img width=\"154\" height=\"176\" src=\"https:\/\/www.propak.com.tr\/wp-content\/uploads\/2020\/12\/izmir.png\" class=\"attachment-large size-large\" alt=\"\" loading=\"lazy\" \/>\t\t\t\t\t\t\t\t\t\t\t<\/div>\n\t\t\t\t<\/div>\n\t\t\t\t<\/div>\n\t\t\t\t\t\t<\/div>\n\t\t\t<\/div>\n\t\t<\/div>\n\t\t\t\t\t\t<\/div>\n\t\t\t<\/div>\n\t\t<\/section>\n\t\t\t\t<section class=\"elementor-element elementor-element-25c5242 elementor-section-boxed elementor-section-height-default elementor-section-height-default elementor-section elementor-top-section\" data-id=\"25c5242\" data-element_type=\"section\">\n\t\t\t\t\t\t<div class=\"elementor-container elementor-column-gap-default\">\n\t\t\t\t<div class=\"elementor-row\">\n\t\t\t\t<div class=\"elementor-element elementor-element-b96d094 elementor-column elementor-col-100 elementor-top-column\" data-id=\"b96d094\" data-element_type=\"column\">\n\t\t\t<div class=\"elementor-column-wrap  elementor-element-populated\">\n\t\t\t\t\t<div class=\"elementor-widget-wrap\">\n\t\t\t\t<div class=\"elementor-element elementor-element-2a485d7 elementor-widget elementor-widget-spacer\" data-id=\"2a485d7\" data-element_type=\"widget\" data-widget_type=\"spacer.default\">\n\t\t\t\t<div class=\"elementor-widget-container\">\n\t\t\t\t\t<div class=\"elementor-spacer\">\n\t\t\t<div class=\"elementor-spacer-inner\"><\/div>\n\t\t<\/div>\n\t\t\t\t<\/div>\n\t\t\t\t<\/div>\n\t\t\t\t\t\t<\/div>\n\t\t\t<\/div>\n\t\t<\/div>\n\t\t\t\t\t\t<\/div>\n\t\t\t<\/div>\n\t\t<\/section>\n\t\t\t\t<section class=\"elementor-element elementor-element-7a48bf3 elementor-section-boxed elementor-section-height-default elementor-section-height-default elementor-section elementor-top-section\" data-id=\"7a48bf3\" data-element_type=\"section\">\n\t\t\t\t\t\t<div class=\"elementor-container elementor-column-gap-default\">\n\t\t\t\t<div class=\"elementor-row\">\n\t\t\t\t<div class=\"elementor-element elementor-element-60ccdad elementor-column elementor-col-50 elementor-top-column\" data-id=\"60ccdad\" data-element_type=\"column\">\n\t\t\t<div class=\"elementor-column-wrap  elementor-element-populated\">\n\t\t\t\t\t<div class=\"elementor-widget-wrap\">\n\t\t\t\t<div class=\"elementor-element elementor-element-f1d8ec0 elementor-widget elementor-widget-text-editor\" data-id=\"f1d8ec0\" data-element_type=\"widget\" data-widget_type=\"text-editor.default\">\n\t\t\t\t<div class=\"elementor-widget-container\">\n\t\t\t\t\t<div class=\"elementor-text-editor elementor-clearfix\"><p>You can call for your complaints and requests:<\/p><\/div>\n\t\t\t\t<\/div>\n\t\t\t\t<\/div>\n\t\t\t\t\t\t<\/div>\n\t\t\t<\/div>\n\t\t<\/div>\n\t\t\t\t<div class=\"elementor-element elementor-element-267dde7 elementor-column elementor-col-50 elementor-top-column\" data-id=\"267dde7\" data-element_type=\"column\">\n\t\t\t<div class=\"elementor-column-wrap  elementor-element-populated\">\n\t\t\t\t\t<div class=\"elementor-widget-wrap\">\n\t\t\t\t<div class=\"elementor-element elementor-element-4e2b040 elementor-widget elementor-widget-text-editor\" data-id=\"4e2b040\" data-element_type=\"widget\" data-widget_type=\"text-editor.default\">\n\t\t\t\t<div class=\"elementor-widget-container\">\n\t\t\t\t\t<div class=\"elementor-text-editor elementor-clearfix\"><p><strong>+90 541 780 13 81<\/strong><\/p><\/div>\n\t\t\t\t<\/div>\n\t\t\t\t<\/div>\n\t\t\t\t\t\t<\/div>\n\t\t\t<\/div>\n\t\t<\/div>\n\t\t\t\t\t\t<\/div>\n\t\t\t<\/div>\n\t\t<\/section>\n\t\t\t\t\t\t<\/div>\n\t\t\t<\/div>\n\t\t<\/div>","protected":false},"excerpt":{"rendered":"<p>Genel Merkez Partner Plaza Yeni\u015fehir Mah. \u00d6zg\u00fcr Sokak No:17 Kat:3-4 TR-34779 Ata\u015fehir &#8211; \u0130stanbul, Turkey Tel: +90 216 548 24 00 [5 Lines] Fax: +90 216 456 32 51 Fabrika Yaka K\u00f6y Yolalti Mevki, Konuralp TR-81000 D\u00fczce, Turkey Tel: +90 380 541 20 37-38 Tel: +90 380 541 24 38-39 Tel: +90 380 541 42 [&hellip;]<\/p>","protected":false},"author":1,"featured_media":0,"parent":0,"menu_order":0,"comment_status":"closed","ping_status":"closed","template":"","meta":[],"_links":{"self":[{"href":"https:\/\/www.propak.com.tr\/en\/wp-json\/wp\/v2\/pages\/120"}],"collection":[{"href":"https:\/\/www.propak.com.tr\/en\/wp-json\/wp\/v2\/pages"}],"about":[{"href":"https:\/\/www.propak.com.tr\/en\/wp-json\/wp\/v2\/types\/page"}],"author":[{"embeddable":true,"href":"https:\/\/www.propak.com.tr\/en\/wp-json\/wp\/v2\/users\/1"}],"replies":[{"embeddable":true,"href":"https:\/\/www.propak.com.tr\/en\/wp-json\/wp\/v2\/comments?post=120"}],"version-history":[{"count":46,"href":"https:\/\/www.propak.com.tr\/en\/wp-json\/wp\/v2\/pages\/120\/revisions"}],"predecessor-version":[{"id":2908,"href":"https:\/\/www.propak.com.tr\/en\/wp-json\/wp\/v2\/pages\/120\/revisions\/2908"}],"wp:attachment":[{"href":"https:\/\/www.propak.com.tr\/en\/wp-json\/wp\/v2\/media?parent=120"}],"curies":[{"name":"wp","href":"https:\/\/api.w.org\/{rel}","templated":true}]}}