{"id":2133,"date":"2020-03-02T08:45:06","date_gmt":"2020-03-02T05:45:06","guid":{"rendered":"http:\/\/propak.com.tr\/?page_id=2133"},"modified":"2021-11-19T09:36:03","modified_gmt":"2021-11-19T06:36:03","slug":"sirket-bilgileri","status":"publish","type":"page","link":"https:\/\/www.propak.com.tr\/en\/company-information\/","title":{"rendered":"Company Information"},"content":{"rendered":"<div data-elementor-type=\"wp-post\" data-elementor-id=\"2133\" class=\"elementor elementor-2133\" data-elementor-settings=\"[]\">\n\t\t\t<div class=\"elementor-inner\">\n\t\t\t\t<div class=\"elementor-section-wrap\">\n\t\t\t\t\t\t\t<section class=\"elementor-element elementor-element-6f540c3 elementor-section-content-middle elementor-section-boxed elementor-section-height-default elementor-section-height-default elementor-section elementor-top-section\" data-id=\"6f540c3\" data-element_type=\"section\">\n\t\t\t\t\t\t<div class=\"elementor-container elementor-column-gap-extended\">\n\t\t\t\t<div class=\"elementor-row\">\n\t\t\t\t<div class=\"elementor-element elementor-element-b9ac7a3 elementor-column elementor-col-50 elementor-top-column\" data-id=\"b9ac7a3\" data-element_type=\"column\">\n\t\t\t<div class=\"elementor-column-wrap  elementor-element-populated\">\n\t\t\t\t\t<div class=\"elementor-widget-wrap\">\n\t\t\t\t<div class=\"elementor-element elementor-element-fb21171 elementor-widget elementor-widget-text-editor\" data-id=\"fb21171\" data-element_type=\"widget\" data-widget_type=\"text-editor.default\">\n\t\t\t\t<div class=\"elementor-widget-container\">\n\t\t\t\t\t<div class=\"elementor-text-editor elementor-clearfix\"><p>\u00a0<\/p><table class=\"box\"><tbody><tr><td width=\"30%\"><b>TRADE NAME<\/b><\/td><td width=\"70%\">Propak at a Glance<\/td><\/tr><tr><td><b>TRADE REGISTER NUMBER<\/b><\/td><td>869123<\/td><\/tr><tr><td><b>TAX ID NUMBER<\/b><\/td><td>7330346316<\/td><\/tr><tr><td><b>CENTRAL REGISTRATION ID<\/b><\/td><td>0733034631600017<\/td><\/tr><tr><td><b>HEADQUARTERS<\/b><\/td><td>Partner Plaza Yeni\u015fehir Mah. \u00d6zg\u00fcr Sk. No: 17 Kat:3-4 34779 Ata\u015fehir \u0130stanbul<\/td><\/tr><tr><td><b>SUBSRIBED AND PAID-UP CAPITAL<\/b><\/td><td>16,300,000 TL<\/td><\/tr><\/tbody><\/table><\/div>\n\t\t\t\t<\/div>\n\t\t\t\t<\/div>\n\t\t\t\t\t\t<\/div>\n\t\t\t<\/div>\n\t\t<\/div>\n\t\t\t\t<div class=\"elementor-element elementor-element-300363c elementor-column elementor-col-50 elementor-top-column\" data-id=\"300363c\" data-element_type=\"column\">\n\t\t\t<div class=\"elementor-column-wrap  elementor-element-populated\">\n\t\t\t\t\t<div class=\"elementor-widget-wrap\">\n\t\t\t\t<div class=\"elementor-element elementor-element-c93d9b2 elementor-widget elementor-widget-image\" data-id=\"c93d9b2\" data-element_type=\"widget\" data-widget_type=\"image.default\">\n\t\t\t\t<div class=\"elementor-widget-container\">\n\t\t\t\t\t<div class=\"elementor-image\">\n\t\t\t\t\t\t\t\t\t\t<img width=\"1371\" height=\"732\" src=\"https:\/\/www.propak.com.tr\/wp-content\/uploads\/2020\/03\/ProPak_Duzce_02.jpg\" class=\"attachment-full size-full\" alt=\"\" loading=\"lazy\" srcset=\"https:\/\/www.propak.com.tr\/wp-content\/uploads\/2020\/03\/ProPak_Duzce_02.jpg 1371w, https:\/\/www.propak.com.tr\/wp-content\/uploads\/2020\/03\/ProPak_Duzce_02-300x160.jpg 300w, https:\/\/www.propak.com.tr\/wp-content\/uploads\/2020\/03\/ProPak_Duzce_02-768x410.jpg 768w, https:\/\/www.propak.com.tr\/wp-content\/uploads\/2020\/03\/ProPak_Duzce_02-1024x547.jpg 1024w\" sizes=\"(max-width: 1371px) 100vw, 1371px\" \/>\t\t\t\t\t\t\t\t\t\t\t<\/div>\n\t\t\t\t<\/div>\n\t\t\t\t<\/div>\n\t\t\t\t\t\t<\/div>\n\t\t\t<\/div>\n\t\t<\/div>\n\t\t\t\t\t\t<\/div>\n\t\t\t<\/div>\n\t\t<\/section>\n\t\t\t\t<section class=\"elementor-element elementor-element-1d1052b elementor-section-boxed elementor-section-height-default elementor-section-height-default elementor-section elementor-top-section\" data-id=\"1d1052b\" data-element_type=\"section\">\n\t\t\t\t\t\t<div class=\"elementor-container elementor-column-gap-default\">\n\t\t\t\t<div class=\"elementor-row\">\n\t\t\t\t<div class=\"elementor-element elementor-element-0d2aa9e elementor-column elementor-col-100 elementor-top-column\" data-id=\"0d2aa9e\" data-element_type=\"column\">\n\t\t\t<div class=\"elementor-column-wrap  elementor-element-populated\">\n\t\t\t\t\t<div class=\"elementor-widget-wrap\">\n\t\t\t\t<div class=\"elementor-element elementor-element-e608f5e elementor-tabs-view-horizontal elementor-widget elementor-widget-tabs\" data-id=\"e608f5e\" data-element_type=\"widget\" data-widget_type=\"tabs.default\">\n\t\t\t\t<div class=\"elementor-widget-container\">\n\t\t\t\t\t<div class=\"elementor-tabs\" role=\"tablist\">\n\t\t\t<div class=\"elementor-tabs-wrapper\">\n\t\t\t\t\t\t\t\t\t<div id=\"elementor-tab-title-2411\" class=\"elementor-tab-title elementor-tab-desktop-title\" data-tab=\"1\" role=\"tab\" aria-controls=\"elementor-tab-content-2411\"><a href=\"\">Administrative Board<\/a><\/div>\n\t\t\t\t\t\t\t\t\t<div id=\"elementor-tab-title-2412\" class=\"elementor-tab-title elementor-tab-desktop-title\" data-tab=\"2\" role=\"tab\" aria-controls=\"elementor-tab-content-2412\"><a href=\"\">Inspector<\/a><\/div>\n\t\t\t\t\t\t\t\t\t<div id=\"elementor-tab-title-2413\" class=\"elementor-tab-title elementor-tab-desktop-title\" data-tab=\"3\" role=\"tab\" aria-controls=\"elementor-tab-content-2413\"><a href=\"\">General Assembly \"09.09.2021\" Meeting Minutes<\/a><\/div>\n\t\t\t\t\t\t\t<\/div>\n\t\t\t<div class=\"elementor-tabs-content-wrapper\">\n\t\t\t\t\t\t\t\t\t<div class=\"elementor-tab-title elementor-tab-mobile-title\" data-tab=\"1\" role=\"tab\">Administrative Board<\/div>\n\t\t\t\t\t<div id=\"elementor-tab-content-2411\" class=\"elementor-tab-content elementor-clearfix\" data-tab=\"1\" role=\"tabpanel\" aria-labelledby=\"elementor-tab-title-2411\"><table class=\"box\"><tbody><tr><td><b>Chairman<\/b><\/td><\/tr><tr><td>Serdar \u00c7etin<\/td><\/tr><\/tbody><\/table><table class=\"box\"><tbody><tr><td><b>Chairman<\/b><\/td><\/tr><tr><td>Richard Peter Kelsey<\/td><\/tr><\/tbody><\/table><table class=\"box\"><tbody><tr><td><b>Administrative Board<\/b><\/td><\/tr><tr><td>Ramiz Zafer Karabulut<\/td><\/tr><tr><td>Daniel Johannes Winkler<\/td><\/tr><tr><td>Asa\u015f Ambalaj Bask\u0131 San. ve Tic. A.\u015e. ad\u0131na Ali Atilla Han \u00c7elebi<\/td><\/tr><\/tbody><\/table><\/div>\n\t\t\t\t\t\t\t\t\t<div class=\"elementor-tab-title elementor-tab-mobile-title\" data-tab=\"2\" role=\"tab\">Inspector<\/div>\n\t\t\t\t\t<div id=\"elementor-tab-content-2412\" class=\"elementor-tab-content elementor-clearfix\" data-tab=\"2\" role=\"tabpanel\" aria-labelledby=\"elementor-tab-title-2412\"><table class=\"box\"><tbody><tr><td><b>TRADE NAME<\/b><\/td><td>DRT Ba\u011f\u0131ms\u0131z Denetim ve Serbest Muhasebeci Mali M\u00fc\u015favirlik A.\u015e.<\/td><\/tr><tr><td><b>LOCATION<\/b><\/td><td>Sar\u0131yer\/\u0130stanbul<\/td><\/tr><tr><td><b>TRADE REGISTER NUMBER<\/b><\/td><td>304099<\/td><\/tr><tr><td><b>CENTRAL REGISTRATION ID<\/b><\/td><td>0291001097600016<\/td><\/tr><\/tbody><\/table><table class=\"box\"><tbody><tr><td>REGISTERED BRANCHES<\/td><\/tr><tr><td>DRT Ba\u011f\u0131ms\u0131z Denetim ve Serbest Muhasebeci Mali M\u00fc\u015favirlik A.\u015e. Adana \u015eubesi<\/td><\/tr><tr><td>DRT Ba\u011f\u0131ms\u0131z Denetim ve Serbest Muhasebeci Mali M\u00fc\u015favirlik A.\u015e. Ankara \u015eubesi<\/td><\/tr><tr><td>DRT Ba\u011f\u0131ms\u0131z Denetim ve Serbest Muhasebeci Mali M\u00fc\u015favirlik A.\u015e. Bursa \u015eubesi<\/td><\/tr><tr><td>DRT Ba\u011f\u0131ms\u0131z Denetim ve Serbest Muhasebeci Mali M\u00fc\u015favirlik A.\u015e. \u0130zmir \u015eubesi<\/td><\/tr><\/tbody><\/table><\/div>\n\t\t\t\t\t\t\t\t\t<div class=\"elementor-tab-title elementor-tab-mobile-title\" data-tab=\"3\" role=\"tab\">General Assembly \"09.09.2021\" Meeting Minutes<\/div>\n\t\t\t\t\t<div id=\"elementor-tab-content-2413\" class=\"elementor-tab-content elementor-clearfix\" data-tab=\"3\" role=\"tabpanel\" aria-labelledby=\"elementor-tab-title-2413\"><p>To download a file <a href=\"https:\/\/www.propak.com.tr\/doc\/Toplantitutanak2021.pdf\">click here<\/a><\/p><\/div>\n\t\t\t\t\t\t\t<\/div>\n\t\t<\/div>\n\t\t\t\t<\/div>\n\t\t\t\t<\/div>\n\t\t\t\t\t\t<\/div>\n\t\t\t<\/div>\n\t\t<\/div>\n\t\t\t\t\t\t<\/div>\n\t\t\t<\/div>\n\t\t<\/section>\n\t\t\t\t<section class=\"elementor-element elementor-element-c20e5c2 elementor-section-boxed elementor-section-height-default elementor-section-height-default elementor-section elementor-top-section\" data-id=\"c20e5c2\" data-element_type=\"section\">\n\t\t\t\t\t\t<div class=\"elementor-container elementor-column-gap-default\">\n\t\t\t\t<div class=\"elementor-row\">\n\t\t\t\t<div class=\"elementor-element elementor-element-f9a4bd4 elementor-column elementor-col-100 elementor-top-column\" data-id=\"f9a4bd4\" data-element_type=\"column\">\n\t\t\t<div class=\"elementor-column-wrap  elementor-element-populated\">\n\t\t\t\t\t<div class=\"elementor-widget-wrap\">\n\t\t\t\t<div class=\"elementor-element elementor-element-8c27c96 elementor-widget elementor-widget-spacer\" data-id=\"8c27c96\" data-element_type=\"widget\" data-widget_type=\"spacer.default\">\n\t\t\t\t<div class=\"elementor-widget-container\">\n\t\t\t\t\t<div class=\"elementor-spacer\">\n\t\t\t<div class=\"elementor-spacer-inner\"><\/div>\n\t\t<\/div>\n\t\t\t\t<\/div>\n\t\t\t\t<\/div>\n\t\t\t\t\t\t<\/div>\n\t\t\t<\/div>\n\t\t<\/div>\n\t\t\t\t\t\t<\/div>\n\t\t\t<\/div>\n\t\t<\/section>\n\t\t\t\t\t\t<\/div>\n\t\t\t<\/div>\n\t\t<\/div>","protected":false},"excerpt":{"rendered":"<p>\u00a0 T\u0130CARET \u00dcNVANI Propak Ambalaj \u00dcretim ve Pazarlama A.\u015e. T\u0130CARET S\u0130C\u0130L NUMARASI 869123 VERG\u0130 NUMARASI 7330346316 MERS\u0130S NUMARASI 0733034631600017 \u015e\u0130RKET MERKEZ\u0130 Partner Plaza Yeni\u015fehir Mah. \u00d6zg\u00fcr Sk. No: 17 Kat:3-4 34779 Ata\u015fehir \u0130stanbul TAAHH\u00dcT ED\u0130LEN VE \u00d6DENEN SERMAYE M\u0130KTARI 16,300,000 TL Y\u00f6netim Kurulu Denet\u00e7i Genel Kurul &#8220;09.09.2021&#8221; Toplant\u0131 Tutana\u011f\u0131 Y\u00f6netim Kurulu Y\u00f6netim Kurulu Ba\u015fkan\u0131 Serdar [&hellip;]<\/p>","protected":false},"author":1,"featured_media":0,"parent":0,"menu_order":0,"comment_status":"closed","ping_status":"closed","template":"","meta":[],"_links":{"self":[{"href":"https:\/\/www.propak.com.tr\/en\/wp-json\/wp\/v2\/pages\/2133"}],"collection":[{"href":"https:\/\/www.propak.com.tr\/en\/wp-json\/wp\/v2\/pages"}],"about":[{"href":"https:\/\/www.propak.com.tr\/en\/wp-json\/wp\/v2\/types\/page"}],"author":[{"embeddable":true,"href":"https:\/\/www.propak.com.tr\/en\/wp-json\/wp\/v2\/users\/1"}],"replies":[{"embeddable":true,"href":"https:\/\/www.propak.com.tr\/en\/wp-json\/wp\/v2\/comments?post=2133"}],"version-history":[{"count":18,"href":"https:\/\/www.propak.com.tr\/en\/wp-json\/wp\/v2\/pages\/2133\/revisions"}],"predecessor-version":[{"id":2817,"href":"https:\/\/www.propak.com.tr\/en\/wp-json\/wp\/v2\/pages\/2133\/revisions\/2817"}],"wp:attachment":[{"href":"https:\/\/www.propak.com.tr\/en\/wp-json\/wp\/v2\/media?parent=2133"}],"curies":[{"name":"wp","href":"https:\/\/api.w.org\/{rel}","templated":true}]}}